{"id":26,"date":"2018-06-02T00:47:38","date_gmt":"2018-06-01T22:47:38","guid":{"rendered":"http:\/\/bhwp.brucher-hof.com\/?page_id=26"},"modified":"2019-07-14T21:47:14","modified_gmt":"2019-07-14T19:47:14","slug":"unterricht","status":"publish","type":"page","link":"https:\/\/brucher-hof.com\/?page_id=26","title":{"rendered":"Reitunterricht"},"content":{"rendered":"<p>A und O beim Reitsport ist das regelm\u00e4\u00dfige Training. Am besten machen Sie das in einer Reitschule Ihres Vertrauens, wo Sie sich mit dem Ausbilder gut verstehen und mit Ihrem Pferd gut zurechtkommen.<\/p>\n<p>Die Belohnung f\u00fcr flei\u00dfiges Training und gute Fortschritte sind die Ausritte. Sie werden schnell feststellen, dass Pferde sich im freien Gel\u00e4nde anders benehmen, als auf einem umz\u00e4unten Platz.<\/p>\n<p>Auch beim Springen und dem Dressurreiten ist ein guter Unterricht entscheidend!<\/p>\n<p>In unserem Reitstall gibt es t\u00e4glich Unterricht. F\u00fcr unsere Anf\u00e4nger beim Kinderquatsch und beim Ritt an der Longe. Sp\u00e4ter dann entsprechend der gemachten Fortschritte in der Abteilung. Auch f\u00fcr unsere Fortgeschrittenen gibt es extra Stunden am Nachmittag f\u00fcr die Pachtkinder und am Abend spezielle Dressurstunden. F\u00fcr unsere Springfreunde findet am Sonntag eine extra Stunde statt.<\/p>\n<p>Die Ausbildung ist bei uns in Dressur und Springen bis Klasse S m\u00f6glich!<\/p>\n<p><\/p>\n<h3><span style=\"color: #ff0000;\"><strong><em><u>Das ganze Jahr t\u00e4glich Reitunterricht<\/u><\/em><\/strong><\/span><\/h3>\n<ul>\n<li><span style=\"color: #008000;\"><strong><em>Doppel- und Einzelstunden<\/em><\/strong><\/span><\/li>\n<li><span style=\"color: #008000;\"><strong><em>Gruppenunterricht<\/em><\/strong><\/span><\/li>\n<li><span style=\"color: #008000;\"><strong><em>Vor jeder Reitstunde k\u00f6nnen die Kinder und Jugendlichen<\/em><\/strong><strong><em> die Ponies selber putzen und satteln<\/em><\/strong><\/span><\/li>\n<li><span style=\"color: #008000;\"><strong><em>Longenunterricht f\u00fcr die Anf\u00e4nger nach<\/em><\/strong><strong><em> Terminabsprache<\/em><\/strong><\/span><\/li>\n<li><span style=\"color: #008000;\"><strong><em>Reitabzeichen aller Art<\/em><\/strong><\/span><\/li>\n<\/ul>\n<p><img decoding=\"async\" loading=\"lazy\" class=\"wp-image-24 aligncenter\" src=\"http:\/\/bhwp.brucher-hof.com\/wp-content\/uploads\/2018\/06\/25hg-300x217.jpg\" alt=\"\" width=\"499\" height=\"361\" srcset=\"https:\/\/brucher-hof.com\/wp-content\/uploads\/2018\/06\/25hg-300x217.jpg 300w, https:\/\/brucher-hof.com\/wp-content\/uploads\/2018\/06\/25hg-768x555.jpg 768w, https:\/\/brucher-hof.com\/wp-content\/uploads\/2018\/06\/25hg-1024x740.jpg 1024w, https:\/\/brucher-hof.com\/wp-content\/uploads\/2018\/06\/25hg-676x489.jpg 676w, https:\/\/brucher-hof.com\/wp-content\/uploads\/2018\/06\/25hg.jpg 1500w\" sizes=\"(max-width: 499px) 100vw, 499px\" \/><\/p>\n\n\n<p><\/p>\n","protected":false},"excerpt":{"rendered":"<p>A und O beim Reitsport ist das regelm\u00e4\u00dfige Training. Am besten machen Sie das in einer Reitschule Ihres Vertrauens, wo Sie sich mit dem Ausbilder gut verstehen und mit Ihrem Pferd gut zurechtkommen. Die Belohnung f\u00fcr flei\u00dfiges Training und gute Fortschritte sind die Ausritte. Sie werden schnell feststellen, dass Pferde sich im freien Gel\u00e4nde anders [&hellip;]<\/p>\n","protected":false},"author":1,"featured_media":0,"parent":0,"menu_order":1,"comment_status":"closed","ping_status":"closed","template":"","meta":[],"_links":{"self":[{"href":"https:\/\/brucher-hof.com\/index.php?rest_route=\/wp\/v2\/pages\/26"}],"collection":[{"href":"https:\/\/brucher-hof.com\/index.php?rest_route=\/wp\/v2\/pages"}],"about":[{"href":"https:\/\/brucher-hof.com\/index.php?rest_route=\/wp\/v2\/types\/page"}],"author":[{"embeddable":true,"href":"https:\/\/brucher-hof.com\/index.php?rest_route=\/wp\/v2\/users\/1"}],"replies":[{"embeddable":true,"href":"https:\/\/brucher-hof.com\/index.php?rest_route=%2Fwp%2Fv2%2Fcomments&post=26"}],"version-history":[{"count":5,"href":"https:\/\/brucher-hof.com\/index.php?rest_route=\/wp\/v2\/pages\/26\/revisions"}],"predecessor-version":[{"id":204,"href":"https:\/\/brucher-hof.com\/index.php?rest_route=\/wp\/v2\/pages\/26\/revisions\/204"}],"wp:attachment":[{"href":"https:\/\/brucher-hof.com\/index.php?rest_route=%2Fwp%2Fv2%2Fmedia&parent=26"}],"curies":[{"name":"wp","href":"https:\/\/api.w.org\/{rel}","templated":true}]}}