{"id":31,"date":"2018-06-02T10:58:54","date_gmt":"2018-06-02T08:58:54","guid":{"rendered":"http:\/\/bhwp.brucher-hof.com\/?page_id=31"},"modified":"2026-01-07T21:08:35","modified_gmt":"2026-01-07T19:08:35","slug":"ferien","status":"publish","type":"page","link":"https:\/\/brucher-hof.com\/?page_id=31","title":{"rendered":"Ferien auf dem Ponyhof"},"content":{"rendered":"\n<p class=\"has-vivid-red-color has-text-color\" style=\"font-size:22px\">In allen NRW Ferienwochen 2026 sind noch Pl\u00e4tze frei!<\/p>\n\n\n<h2><span style=\"color: #0000ff;\">Ferienprogramm <\/span><\/h2>\n<h4>In den Oster-, Sommer-, und Herbstferien (ab 6 Jahren)<\/h4>\n<ul>\n<li><span style=\"color: #0000ff;\"><em><strong>Reitstunden<\/strong><\/em><\/span>\n<ul>\n<li>Longenstunden f\u00fcr Anf\u00e4nger<\/li>\n<li>Abteilungsstunden bzw. Dressur- und Springlehrg\u00e4nge f\u00fcr Fortgeschrittene<\/li>\n<li>Einstufung findet immer Montags statt<\/li>\n<\/ul>\n<\/li>\n<li><span style=\"color: #0000ff;\"><strong style=\"font-style: italic;\">Spiele und Aktivit\u00e4ten (je nach Wetter)<\/strong><\/span>\n<ul>\n<li>Ponyputzwettbewerb<\/li>\n<li>Schnitzeljagd<\/li>\n<li>und vieles mehr<\/li>\n<\/ul>\n<\/li>\n<li><span style=\"color: #0000ff;\"><strong style=\"font-style: italic;\">Verpflegung<\/strong><\/span>\n<ul>\n<li>kleine Snacks und Getr\u00e4nke (inklusive)<\/li>\n<li>gemeinsames Essen (Mahlzeiten m\u00fcssen selbst mitgebracht werden)<\/li>\n<\/ul>\n<\/li>\n<li><span style=\"color: #0000ff;\"><em><strong>Montags bis Freitags <\/strong><\/em><em><strong>9 &#8211; 16 Uhr (280\u20ac)<\/strong><\/em><\/span><\/li>\n<li><span style=\"color: #0000ff;\"><em><strong>Ab 8 Uhr Betreuung von Dienstag bis Freitag f\u00fcr Berufst\u00e4tige (+50\u20ac)<\/strong><\/em><\/span><\/li>\n<\/ul>\n<p>F\u00fcr Anf\u00e4nger besteht nach einer Ferienwoche die M\u00f6glichkeit regul\u00e4r am Unterricht teilzunehmen, sobald Pl\u00e4tze frei sind.<\/p>\n<p><img decoding=\"async\" loading=\"lazy\" class=\" wp-image-34 aligncenter\" src=\"http:\/\/bhwp.brucher-hof.com\/wp-content\/uploads\/2019\/07\/IMG-20190507-WA0007-300x225.jpg\" alt=\"\" width=\"490\" height=\"368\" srcset=\"https:\/\/brucher-hof.com\/wp-content\/uploads\/2019\/07\/IMG-20190507-WA0007-300x225.jpg 300w, https:\/\/brucher-hof.com\/wp-content\/uploads\/2019\/07\/IMG-20190507-WA0007-768x576.jpg 768w, https:\/\/brucher-hof.com\/wp-content\/uploads\/2019\/07\/IMG-20190507-WA0007-1024x768.jpg 1024w, https:\/\/brucher-hof.com\/wp-content\/uploads\/2019\/07\/IMG-20190507-WA0007-900x675.jpg 900w, https:\/\/brucher-hof.com\/wp-content\/uploads\/2019\/07\/IMG-20190507-WA0007-1280x960.jpg 1280w, https:\/\/brucher-hof.com\/wp-content\/uploads\/2019\/07\/IMG-20190507-WA0007.jpg 1600w\" sizes=\"(max-width: 490px) 100vw, 490px\" \/><\/p>\n\n\n<p><\/p>\n","protected":false},"excerpt":{"rendered":"<p>In allen NRW Ferienwochen 2026 sind noch Pl\u00e4tze frei! Ferienprogramm In den Oster-, Sommer-, und Herbstferien (ab 6 Jahren) Reitstunden Longenstunden f\u00fcr Anf\u00e4nger Abteilungsstunden bzw. Dressur- und Springlehrg\u00e4nge f\u00fcr Fortgeschrittene Einstufung findet immer Montags statt Spiele und Aktivit\u00e4ten (je nach Wetter) Ponyputzwettbewerb Schnitzeljagd und vieles mehr Verpflegung kleine Snacks und Getr\u00e4nke (inklusive) gemeinsames Essen (Mahlzeiten [&hellip;]<\/p>\n","protected":false},"author":1,"featured_media":0,"parent":0,"menu_order":0,"comment_status":"closed","ping_status":"closed","template":"","meta":[],"_links":{"self":[{"href":"https:\/\/brucher-hof.com\/index.php?rest_route=\/wp\/v2\/pages\/31"}],"collection":[{"href":"https:\/\/brucher-hof.com\/index.php?rest_route=\/wp\/v2\/pages"}],"about":[{"href":"https:\/\/brucher-hof.com\/index.php?rest_route=\/wp\/v2\/types\/page"}],"author":[{"embeddable":true,"href":"https:\/\/brucher-hof.com\/index.php?rest_route=\/wp\/v2\/users\/1"}],"replies":[{"embeddable":true,"href":"https:\/\/brucher-hof.com\/index.php?rest_route=%2Fwp%2Fv2%2Fcomments&post=31"}],"version-history":[{"count":52,"href":"https:\/\/brucher-hof.com\/index.php?rest_route=\/wp\/v2\/pages\/31\/revisions"}],"predecessor-version":[{"id":3736,"href":"https:\/\/brucher-hof.com\/index.php?rest_route=\/wp\/v2\/pages\/31\/revisions\/3736"}],"wp:attachment":[{"href":"https:\/\/brucher-hof.com\/index.php?rest_route=%2Fwp%2Fv2%2Fmedia&parent=31"}],"curies":[{"name":"wp","href":"https:\/\/api.w.org\/{rel}","templated":true}]}}